{"id":130,"date":"2015-04-17T15:09:32","date_gmt":"2015-04-17T12:09:32","guid":{"rendered":"http:\/\/www.hultkrantz.com\/?page_id=130"},"modified":"2023-04-27T20:55:53","modified_gmt":"2023-04-27T17:55:53","slug":"tennis","status":"publish","type":"page","link":"https:\/\/www.hultkrantz.com\/?page_id=130","title":{"rendered":"Tennis"},"content":{"rendered":"<p>Mycket jobb leder n\u00e4stan alltid till STRESS och PRESS, i synnerhet n\u00e4r man syns lite h\u00e4r och d\u00e4r i offentligheten. Idrott \u00e4r ett effektivt s\u00e4tt och komma bort fr\u00e5n den \u201dtuffa verkligheten\u201d ett tag d\u00e5 och d\u00e5. F\u00f6r mig s\u00e5 har det varit helt naturligt att f\u00f6rmedla kunskapen om modern tennis som jag besitter. Jag har gjort detta sedan \u00e5r 1986 men sedan 2012 i mer professionell form eftersom jag i f\u00f6rsta hand ger service \u00e5t de tennisspelare som vill utveckla sitt eget t\u00e4vlingsspel, vanligtvis handlar det om b\u00e5de damer och herrar i \u00e5ldern 35-70 \u00e5r.<\/p>\n<p><a href=\"http:\/\/www.hultkrantz.com\/wp-content\/uploads\/2015\/04\/IMG_6635-ram.jpg\"><img loading=\"lazy\" decoding=\"async\" class=\"alignnone size-large wp-image-42\" src=\"http:\/\/www.hultkrantz.com\/wp-content\/uploads\/2015\/04\/IMG_6635-ram-983x1024.jpg\" alt=\"IMG_6635 ram\" width=\"640\" height=\"667\" srcset=\"https:\/\/www.hultkrantz.com\/wp-content\/uploads\/2015\/04\/IMG_6635-ram-983x1024.jpg 983w, https:\/\/www.hultkrantz.com\/wp-content\/uploads\/2015\/04\/IMG_6635-ram-288x300.jpg 288w, https:\/\/www.hultkrantz.com\/wp-content\/uploads\/2015\/04\/IMG_6635-ram.jpg 1841w\" sizes=\"auto, (max-width: 640px) 100vw, 640px\" \/><\/a><\/p>\n","protected":false},"excerpt":{"rendered":"<p>Mycket jobb leder n\u00e4stan alltid till STRESS och PRESS, i synnerhet n\u00e4r man syns lite h\u00e4r och d\u00e4r i offentligheten. Idrott \u00e4r ett effektivt s\u00e4tt och komma bort fr\u00e5n den \u201dtuffa verkligheten\u201d ett tag d\u00e5 och d\u00e5. F\u00f6r mig s\u00e5 har det varit helt naturligt att f\u00f6rmedla kunskapen om modern tennis som jag besitter. Jag [&hellip;]<\/p>\n","protected":false},"author":1,"featured_media":0,"parent":0,"menu_order":0,"comment_status":"closed","ping_status":"closed","template":"","meta":{"footnotes":""},"class_list":["post-130","page","type-page","status-publish","hentry"],"_links":{"self":[{"href":"https:\/\/www.hultkrantz.com\/index.php?rest_route=\/wp\/v2\/pages\/130","targetHints":{"allow":["GET"]}}],"collection":[{"href":"https:\/\/www.hultkrantz.com\/index.php?rest_route=\/wp\/v2\/pages"}],"about":[{"href":"https:\/\/www.hultkrantz.com\/index.php?rest_route=\/wp\/v2\/types\/page"}],"author":[{"embeddable":true,"href":"https:\/\/www.hultkrantz.com\/index.php?rest_route=\/wp\/v2\/users\/1"}],"replies":[{"embeddable":true,"href":"https:\/\/www.hultkrantz.com\/index.php?rest_route=%2Fwp%2Fv2%2Fcomments&post=130"}],"version-history":[{"count":7,"href":"https:\/\/www.hultkrantz.com\/index.php?rest_route=\/wp\/v2\/pages\/130\/revisions"}],"predecessor-version":[{"id":179,"href":"https:\/\/www.hultkrantz.com\/index.php?rest_route=\/wp\/v2\/pages\/130\/revisions\/179"}],"wp:attachment":[{"href":"https:\/\/www.hultkrantz.com\/index.php?rest_route=%2Fwp%2Fv2%2Fmedia&parent=130"}],"curies":[{"name":"wp","href":"https:\/\/api.w.org\/{rel}","templated":true}]}}