{"id":81,"date":"2015-04-16T15:16:20","date_gmt":"2015-04-16T12:16:20","guid":{"rendered":"http:\/\/www.hultkrantz.com\/?page_id=81"},"modified":"2015-04-17T08:13:14","modified_gmt":"2015-04-17T05:13:14","slug":"radgivning-journalism-och-litet-tennis","status":"publish","type":"page","link":"http:\/\/www.hultkrantz.com\/?page_id=81","title":{"rendered":"R\u00e5dgivning, journalistik och lite tennis"},"content":{"rendered":"<p><strong>Tre olika yrken inom ett och samma bolag? JAVISST!<\/strong><\/p>\n<p>Oberoende finansiell r\u00e5dgivning och f\u00f6rmedling av fonder och f\u00f6rs\u00e4kringar \u00e4r sj\u00e4lvklart det st\u00f6rsta och viktigaste omr\u00e5det f\u00f6r Hultkrantz. Tyngdpunkten ligger inte p\u00e5 aktiv nyf\u00f6rs\u00e4ljning till nya kunder utan mer l\u00f6pande service och kundv\u00e5rd till redan existerande kunder. Fokus sedan ett par \u00e5r tillbaka ligger p\u00e5 att i f\u00f6rsta hand ta betalt direkt fr\u00e5n kunderna och inte bakom ryggen p\u00e5 kunderna.<\/p>\n<p>Detta \u00f6kar sannolikheten f\u00f6r en oberoende finansiell r\u00e5dgivning som \u00f6kar \u00e4rligheten i relationen p\u00e5 l\u00e5ng sikt. MER r\u00e5dgivande konsult och MINDRE s\u00e4ljande f\u00f6rs\u00e4ljare \u00e4r den sj\u00e4lvklara rollen sedan m\u00e5nga \u00e5r tillbaka.<\/p>\n<p>Johan Hultkrantz \u00e4r auktoriserad f\u00f6rs\u00e4kringsm\u00e4klare sedan \u00e5r 2002 och Hultkrantz Placeringsm\u00e4kleri Ab har status som f\u00f6rs\u00e4kringsm\u00e4kleri av Finansinspektionen i Helsingfors sedan \u00e5r 2004. Denna status och lagstiftning g\u00f6r att man b\u00f6r se kritiskt och objektivt p\u00e5 saker och ting. V\u00e4gen till oberoende och frist\u00e5ende frilansjournalistik \u00e4r med andra ord inte speciellt l\u00e5ng. Hultkrantz har gjort 61 program f\u00f6r\u00a0Min Morgon p\u00e5 YLE Fem, skrivit i Aff\u00e4rsmagasinet Forum f\u00f6r Ekonomi och Teknik regelbundet sedan \u00e5r 2004. \u00c4ven Radio Vega har k\u00f6pt tj\u00e4nster av Hultkrantz sedan m\u00e5nga \u00e5r tillbaka.<\/p>\n<p>Mycket jobb leder n\u00e4stan alltid till STRESS och PRESS, i synnerhet n\u00e4r man syns lite h\u00e4r och d\u00e4r i offentligheten. Idrott \u00e4r ett effektivt s\u00e4tt och komma bort fr\u00e5n den \u201dtuffa verkligheten\u201d ett tag d\u00e5 och d\u00e5. F\u00f6r mig s\u00e5 har det varit helt naturligt att f\u00f6rmedla kunskapen om modern tennis som jag besitter. Jag har gjort detta sedan \u00e5r 1986 men sedan 2012 i mer professionell form eftersom jag i f\u00f6rsta hand ger service \u00e5t de tennisspelare som vill utveckla sitt eget t\u00e4vlingsspel, vanligtvis handlar det om b\u00e5de damer och herrar i \u00e5ldern 35-70 \u00e5r.<\/p>\n<p><a href=\"http:\/\/www.hultkrantz.com\/wp-content\/uploads\/2015\/04\/IMG_6635-ram.jpg\"><img loading=\"lazy\" decoding=\"async\" class=\" size-large wp-image-42 aligncenter\" src=\"http:\/\/www.hultkrantz.com\/wp-content\/uploads\/2015\/04\/IMG_6635-ram-983x1024.jpg\" alt=\"IMG_6635 ram\" width=\"640\" height=\"667\" srcset=\"http:\/\/www.hultkrantz.com\/wp-content\/uploads\/2015\/04\/IMG_6635-ram-983x1024.jpg 983w, http:\/\/www.hultkrantz.com\/wp-content\/uploads\/2015\/04\/IMG_6635-ram-288x300.jpg 288w, http:\/\/www.hultkrantz.com\/wp-content\/uploads\/2015\/04\/IMG_6635-ram.jpg 1841w\" sizes=\"auto, (max-width: 640px) 100vw, 640px\" \/><\/a><\/p>\n","protected":false},"excerpt":{"rendered":"<p>Tre olika yrken inom ett och samma bolag? JAVISST! Oberoende finansiell r\u00e5dgivning och f\u00f6rmedling av fonder och f\u00f6rs\u00e4kringar \u00e4r sj\u00e4lvklart det st\u00f6rsta och viktigaste omr\u00e5det f\u00f6r Hultkrantz. Tyngdpunkten ligger inte p\u00e5 aktiv nyf\u00f6rs\u00e4ljning till nya kunder utan mer l\u00f6pande service och kundv\u00e5rd till redan existerande kunder. Fokus sedan ett par \u00e5r tillbaka ligger p\u00e5 att [&hellip;]<\/p>\n","protected":false},"author":1,"featured_media":0,"parent":0,"menu_order":0,"comment_status":"closed","ping_status":"open","template":"","meta":{"footnotes":""},"class_list":["post-81","page","type-page","status-publish","hentry"],"_links":{"self":[{"href":"http:\/\/www.hultkrantz.com\/index.php?rest_route=\/wp\/v2\/pages\/81","targetHints":{"allow":["GET"]}}],"collection":[{"href":"http:\/\/www.hultkrantz.com\/index.php?rest_route=\/wp\/v2\/pages"}],"about":[{"href":"http:\/\/www.hultkrantz.com\/index.php?rest_route=\/wp\/v2\/types\/page"}],"author":[{"embeddable":true,"href":"http:\/\/www.hultkrantz.com\/index.php?rest_route=\/wp\/v2\/users\/1"}],"replies":[{"embeddable":true,"href":"http:\/\/www.hultkrantz.com\/index.php?rest_route=%2Fwp%2Fv2%2Fcomments&post=81"}],"version-history":[{"count":7,"href":"http:\/\/www.hultkrantz.com\/index.php?rest_route=\/wp\/v2\/pages\/81\/revisions"}],"predecessor-version":[{"id":117,"href":"http:\/\/www.hultkrantz.com\/index.php?rest_route=\/wp\/v2\/pages\/81\/revisions\/117"}],"wp:attachment":[{"href":"http:\/\/www.hultkrantz.com\/index.php?rest_route=%2Fwp%2Fv2%2Fmedia&parent=81"}],"curies":[{"name":"wp","href":"https:\/\/api.w.org\/{rel}","templated":true}]}}