{"id":55,"date":"2015-04-16T12:46:49","date_gmt":"2015-04-16T10:46:49","guid":{"rendered":"http:\/\/www.hultkrantz.com\/?page_id=55"},"modified":"2016-02-09T15:40:23","modified_gmt":"2016-02-09T13:40:23","slug":"kundlogin","status":"publish","type":"page","link":"http:\/\/www.hultkrantz.com\/?page_id=55","title":{"rendered":"Kundlogin"},"content":{"rendered":"<p><strong><span style=\"color: #3366ff;\"><a style=\"color: #3366ff;\" title=\"Logga in via denna l\u00e4nk\" href=\"http:\/\/hultkrantz2.netfield.se\/\">Logga in via denna l\u00e4nk<\/a><\/span><\/strong><\/p>\n<p><strong>F\u00f6rbeh\u00e5ll &#8211; Vastuurajoitus<\/strong><\/p>\n<p>Ditt rapportsammandrag bygger p\u00e5 den information Hultkrantz Placeringsm\u00e4kleri Ab har om dig. Informationen kan vara bristf\u00e4llig, gammal och\/eller felaktig.<br \/>\nRaporttiyhteenvetosi on kooste tiedoista jotka ovat Hultkrantz Sijoitusmeklaripalvelut Oy:n tiedossa. Informaatio voi olla puutteellista, vanhentunutta ja\/tai v\u00e4\u00e4r\u00e4\u00e4.<\/p>\n","protected":false},"excerpt":{"rendered":"<p>Logga in via denna l\u00e4nk F\u00f6rbeh\u00e5ll &#8211; Vastuurajoitus Ditt rapportsammandrag bygger p\u00e5 den information Hultkrantz Placeringsm\u00e4kleri Ab har om dig. Informationen kan vara bristf\u00e4llig, gammal och\/eller felaktig. Raporttiyhteenvetosi on kooste tiedoista jotka ovat Hultkrantz Sijoitusmeklaripalvelut Oy:n tiedossa. Informaatio voi olla puutteellista, vanhentunutta ja\/tai v\u00e4\u00e4r\u00e4\u00e4.<\/p>\n","protected":false},"author":1,"featured_media":0,"parent":0,"menu_order":0,"comment_status":"closed","ping_status":"closed","template":"","meta":{"footnotes":""},"class_list":["post-55","page","type-page","status-publish","hentry"],"_links":{"self":[{"href":"http:\/\/www.hultkrantz.com\/index.php?rest_route=\/wp\/v2\/pages\/55","targetHints":{"allow":["GET"]}}],"collection":[{"href":"http:\/\/www.hultkrantz.com\/index.php?rest_route=\/wp\/v2\/pages"}],"about":[{"href":"http:\/\/www.hultkrantz.com\/index.php?rest_route=\/wp\/v2\/types\/page"}],"author":[{"embeddable":true,"href":"http:\/\/www.hultkrantz.com\/index.php?rest_route=\/wp\/v2\/users\/1"}],"replies":[{"embeddable":true,"href":"http:\/\/www.hultkrantz.com\/index.php?rest_route=%2Fwp%2Fv2%2Fcomments&post=55"}],"version-history":[{"count":6,"href":"http:\/\/www.hultkrantz.com\/index.php?rest_route=\/wp\/v2\/pages\/55\/revisions"}],"predecessor-version":[{"id":167,"href":"http:\/\/www.hultkrantz.com\/index.php?rest_route=\/wp\/v2\/pages\/55\/revisions\/167"}],"wp:attachment":[{"href":"http:\/\/www.hultkrantz.com\/index.php?rest_route=%2Fwp%2Fv2%2Fmedia&parent=55"}],"curies":[{"name":"wp","href":"https:\/\/api.w.org\/{rel}","templated":true}]}}