{"id":20,"date":"2015-04-12T17:55:06","date_gmt":"2015-04-12T15:55:06","guid":{"rendered":"http:\/\/www.hultkrantz.com\/?page_id=20"},"modified":"2015-04-17T18:45:16","modified_gmt":"2015-04-17T15:45:16","slug":"historia","status":"publish","type":"page","link":"http:\/\/www.hultkrantz.com\/?page_id=20","title":{"rendered":"Historia"},"content":{"rendered":"<p class=\"text\"><strong>Hultkrantz Placeringsm\u00e4kleri Ab<\/strong> grundades \u00e5r 2002. Det f\u00f6rsta dryga \u00e5ret arbete jag ihop med en st\u00f6rre organisation. Verksamheten i dess nuvarande form uppstod \u00e5r 2004 n\u00e4r Hultkrantz besl\u00f6t sig f\u00f6r att arbeta som <strong>ett \u00e4kta och helt oberoende<\/strong> m\u00e4kleri utan koppling till m\u00e4nniskor som tillh\u00f6r st\u00f6rre organisationer. Historiskt har det tyv\u00e4rr visat sig att stora ombuds- och m\u00e4klarorganisationer inte har kunnat arbeta helt fr\u00e5n kundens perspektiv. Ett s\u00e4tt att komma bort fr\u00e5n det problemet \u00e4r att arbeta inom en mindre organisation s\u00e5 har man b\u00e4ttre koll p\u00e5 b\u00e5de detaljerna och helheten.<\/p>\n<p class=\"text\"><strong>Johan Hultkrantz<\/strong> har varit insatt i spar- och placeringsfr\u00e5gor sedan 1988 d\u00e5 han som 15-\u00e5ring b\u00f6rjade spara och placera fr\u00e4mst i de popul\u00e4ra allemansfonderna i Sverige. Han har arbetat aktivt i branschen i Finland sedan 1998. Hultkrantz har skrivit (tillsammans med Bj\u00f6rn Masalin) b\u00f6ckerna \u201dPengar F\u00f6r Livet\u201d (2004) och \u201dEl\u00e4m\u00e4si Rahat \u2013 joka kodin talousopas\u201d (2004 samt 2007). B\u00f6ckerna \u00e4r sluts\u00e5lda och har s\u00e5lt i runt 6 000 exemplar.<\/p>\n<p class=\"text\"><a href=\"http:\/\/www.hultkrantz.com\/wp-content\/uploads\/2015\/04\/179738.jpg\"><img loading=\"lazy\" decoding=\"async\" class=\"alignnone size-medium wp-image-93\" src=\"http:\/\/www.hultkrantz.com\/wp-content\/uploads\/2015\/04\/179738-168x300.jpg\" alt=\"179738\" width=\"168\" height=\"300\" srcset=\"http:\/\/www.hultkrantz.com\/wp-content\/uploads\/2015\/04\/179738-168x300.jpg 168w, http:\/\/www.hultkrantz.com\/wp-content\/uploads\/2015\/04\/179738.jpg 575w\" sizes=\"auto, (max-width: 168px) 100vw, 168px\" \/><\/a>\u00a0<a href=\"http:\/\/www.hultkrantz.com\/wp-content\/uploads\/2015\/04\/1194_IMG_0001_2014630123610.jpg\"><img loading=\"lazy\" decoding=\"async\" class=\"alignnone size-full wp-image-152\" src=\"http:\/\/www.hultkrantz.com\/wp-content\/uploads\/2015\/04\/1194_IMG_0001_2014630123610.jpg\" alt=\"1194_IMG_0001_2014630123610\" width=\"330\" height=\"410\" srcset=\"http:\/\/www.hultkrantz.com\/wp-content\/uploads\/2015\/04\/1194_IMG_0001_2014630123610.jpg 330w, http:\/\/www.hultkrantz.com\/wp-content\/uploads\/2015\/04\/1194_IMG_0001_2014630123610-241x300.jpg 241w\" sizes=\"auto, (max-width: 330px) 100vw, 330px\" \/><\/a>\u00a0\u00a0<a href=\"http:\/\/www.hultkrantz.com\/wp-content\/uploads\/2015\/04\/5613094_2.jpg\"><img loading=\"lazy\" decoding=\"async\" class=\"alignnone size-full wp-image-96\" src=\"http:\/\/www.hultkrantz.com\/wp-content\/uploads\/2015\/04\/5613094_2.jpg\" alt=\"Rahakirjakansi2\" width=\"180\" height=\"230\" \/><\/a><\/p>\n<p class=\"text\">\n","protected":false},"excerpt":{"rendered":"<p>Hultkrantz Placeringsm\u00e4kleri Ab grundades \u00e5r 2002. Det f\u00f6rsta dryga \u00e5ret arbete jag ihop med en st\u00f6rre organisation. Verksamheten i dess nuvarande form uppstod \u00e5r 2004 n\u00e4r Hultkrantz besl\u00f6t sig f\u00f6r att arbeta som ett \u00e4kta och helt oberoende m\u00e4kleri utan koppling till m\u00e4nniskor som tillh\u00f6r st\u00f6rre organisationer. Historiskt har det tyv\u00e4rr visat sig att stora [&hellip;]<\/p>\n","protected":false},"author":1,"featured_media":0,"parent":0,"menu_order":0,"comment_status":"open","ping_status":"open","template":"","meta":{"footnotes":""},"class_list":["post-20","page","type-page","status-publish","hentry"],"_links":{"self":[{"href":"http:\/\/www.hultkrantz.com\/index.php?rest_route=\/wp\/v2\/pages\/20","targetHints":{"allow":["GET"]}}],"collection":[{"href":"http:\/\/www.hultkrantz.com\/index.php?rest_route=\/wp\/v2\/pages"}],"about":[{"href":"http:\/\/www.hultkrantz.com\/index.php?rest_route=\/wp\/v2\/types\/page"}],"author":[{"embeddable":true,"href":"http:\/\/www.hultkrantz.com\/index.php?rest_route=\/wp\/v2\/users\/1"}],"replies":[{"embeddable":true,"href":"http:\/\/www.hultkrantz.com\/index.php?rest_route=%2Fwp%2Fv2%2Fcomments&post=20"}],"version-history":[{"count":5,"href":"http:\/\/www.hultkrantz.com\/index.php?rest_route=\/wp\/v2\/pages\/20\/revisions"}],"predecessor-version":[{"id":153,"href":"http:\/\/www.hultkrantz.com\/index.php?rest_route=\/wp\/v2\/pages\/20\/revisions\/153"}],"wp:attachment":[{"href":"http:\/\/www.hultkrantz.com\/index.php?rest_route=%2Fwp%2Fv2%2Fmedia&parent=20"}],"curies":[{"name":"wp","href":"https:\/\/api.w.org\/{rel}","templated":true}]}}